{"id":328,"date":"2008-02-08T18:48:00","date_gmt":"2008-02-08T18:48:00","guid":{"rendered":"http:\/\/sindicato.biz\/neu\/?page_id=328"},"modified":"2011-11-03T18:07:33","modified_gmt":"2011-11-03T18:07:33","slug":"concentra-identidade-corporativa","status":"publish","type":"page","link":"http:\/\/sindicato.biz\/neu\/trabalhos-work\/concentra-identidade-corporativa","title":{"rendered":"Concentra &#45; identidade corporativa"},"content":{"rendered":"<h4><em>Rebranding<\/em> da marca Concentra \u2013 2001<\/h4>\n<p><em>*Trabalho desenvolvido na Brandia. Direitos pertencentes a Brandia Central e Concentra. <\/em><\/p>\n<p><strong>Assinaturas:<\/strong><\/p>\n<p><a title=\"concentra_1.jpg\" href=\"http:\/\/sindicato.biz\/neu\/wp-content\/uploads\/2008\/02\/concentra_1.jpg\"><img src=\"http:\/\/sindicato.biz\/neu\/wp-content\/uploads\/2008\/02\/concentra_1.jpg\" alt=\"concentra_1.jpg\" \/><\/a><\/p>\n<p><strong>Folhas de rosto e continua\u00e7\u00e3o <\/strong><\/p>\n<p><a title=\"concentra_2.jpg\" href=\"http:\/\/sindicato.biz\/neu\/wp-content\/uploads\/2008\/02\/concentra_2.jpg\"><img src=\"http:\/\/sindicato.biz\/neu\/wp-content\/uploads\/2008\/02\/concentra_2.jpg\" alt=\"concentra_2.jpg\" \/><\/a><\/p>\n<p><strong>Cart\u00f5es de visita e cumprimentos <\/strong><\/p>\n<p><a title=\"concentra_3.jpg\" href=\"http:\/\/sindicato.biz\/neu\/wp-content\/uploads\/2008\/02\/concentra_3.jpg\"><img src=\"http:\/\/sindicato.biz\/neu\/wp-content\/uploads\/2008\/02\/concentra_3.jpg\" alt=\"concentra_3.jpg\" \/><\/a><\/p>\n<p><strong>Envelopes<\/strong><\/p>\n<p><a title=\"concentra_4.jpg\" href=\"http:\/\/sindicato.biz\/neu\/wp-content\/uploads\/2008\/02\/concentra_4.jpg\"><img src=\"http:\/\/sindicato.biz\/neu\/wp-content\/uploads\/2008\/02\/concentra_4.jpg\" alt=\"concentra_4.jpg\" \/><\/a><\/p>\n<p><strong>Capa A4 <\/strong><\/p>\n<p><a title=\"concentra_5.jpg\" href=\"http:\/\/sindicato.biz\/neu\/wp-content\/uploads\/2008\/02\/concentra_5.jpg\"><img src=\"http:\/\/sindicato.biz\/neu\/wp-content\/uploads\/2008\/02\/concentra_5.jpg\" alt=\"concentra_5.jpg\" \/><\/a><\/p>\n<p><strong>Manual de normas gr\u00e1ficas<\/strong> (<em>&gt;clique para ampliar<\/em>):<\/p>\n<p><a href=\"http:\/\/sindicato.biz\/neu\/wp-content\/uploads\/2008\/05\/manual_1.jpg\"><img loading=\"lazy\" class=\"alignnone size-thumbnail wp-image-394\" title=\"manual_1\" src=\"http:\/\/sindicato.biz\/neu\/wp-content\/uploads\/2008\/05\/manual_1-150x150.jpg\" alt=\"\" width=\"150\" height=\"150\" \/><\/a><a href=\"http:\/\/sindicato.biz\/neu\/wp-content\/uploads\/2008\/05\/manual_2.jpg\"><img loading=\"lazy\" class=\"alignnone size-thumbnail wp-image-395\" title=\"manual_2\" src=\"http:\/\/sindicato.biz\/neu\/wp-content\/uploads\/2008\/05\/manual_2-150x150.jpg\" alt=\"\" width=\"150\" height=\"150\" \/><\/a><a href=\"http:\/\/sindicato.biz\/neu\/wp-content\/uploads\/2008\/05\/manual_3.jpg\"><img loading=\"lazy\" class=\"alignnone size-thumbnail wp-image-396\" title=\"manual_3\" src=\"http:\/\/sindicato.biz\/neu\/wp-content\/uploads\/2008\/05\/manual_3-150x150.jpg\" alt=\"\" width=\"150\" height=\"150\" \/><\/a><a href=\"http:\/\/sindicato.biz\/neu\/wp-content\/uploads\/2008\/05\/manual_4.jpg\"><img loading=\"lazy\" class=\"alignnone size-thumbnail wp-image-397\" title=\"manual_4\" src=\"http:\/\/sindicato.biz\/neu\/wp-content\/uploads\/2008\/05\/manual_4-150x150.jpg\" alt=\"\" width=\"150\" height=\"150\" \/><\/a><a href=\"http:\/\/sindicato.biz\/neu\/wp-content\/uploads\/2008\/05\/manual_5.jpg\"><img loading=\"lazy\" class=\"alignnone size-thumbnail wp-image-398\" title=\"manual_5\" src=\"http:\/\/sindicato.biz\/neu\/wp-content\/uploads\/2008\/05\/manual_5-150x150.jpg\" alt=\"\" width=\"150\" height=\"150\" \/><\/a><a href=\"http:\/\/sindicato.biz\/neu\/wp-content\/uploads\/2008\/05\/manual_6.jpg\"><img loading=\"lazy\" class=\"alignnone size-thumbnail wp-image-399\" title=\"manual_6\" src=\"http:\/\/sindicato.biz\/neu\/wp-content\/uploads\/2008\/05\/manual_6-150x150.jpg\" alt=\"\" width=\"150\" height=\"150\" \/><\/a><a href=\"http:\/\/sindicato.biz\/neu\/wp-content\/uploads\/2008\/05\/manual_7.jpg\"><img loading=\"lazy\" class=\"alignnone size-thumbnail wp-image-400\" title=\"manual_7\" src=\"http:\/\/sindicato.biz\/neu\/wp-content\/uploads\/2008\/05\/manual_7-150x150.jpg\" alt=\"\" width=\"150\" height=\"150\" \/><\/a><a href=\"http:\/\/sindicato.biz\/neu\/wp-content\/uploads\/2008\/05\/manual_8.jpg\"><img loading=\"lazy\" class=\"alignnone size-thumbnail wp-image-401\" title=\"manual_8\" src=\"http:\/\/sindicato.biz\/neu\/wp-content\/uploads\/2008\/05\/manual_8-150x150.jpg\" alt=\"\" width=\"150\" height=\"150\" \/><\/a><a href=\"http:\/\/sindicato.biz\/neu\/wp-content\/uploads\/2008\/05\/manual_9.jpg\"><img loading=\"lazy\" class=\"alignnone size-thumbnail wp-image-402\" title=\"manual_9\" src=\"http:\/\/sindicato.biz\/neu\/wp-content\/uploads\/2008\/05\/manual_9-150x150.jpg\" alt=\"\" width=\"150\" height=\"150\" \/><\/a><a href=\"http:\/\/sindicato.biz\/neu\/wp-content\/uploads\/2008\/05\/manual_10.jpg\"><img loading=\"lazy\" class=\"alignnone size-thumbnail wp-image-403\" title=\"manual_10\" src=\"http:\/\/sindicato.biz\/neu\/wp-content\/uploads\/2008\/05\/manual_10-150x150.jpg\" alt=\"\" width=\"150\" height=\"150\" \/><\/a><a href=\"http:\/\/sindicato.biz\/neu\/wp-content\/uploads\/2008\/05\/manual_11.jpg\"><img loading=\"lazy\" class=\"alignnone size-thumbnail wp-image-404\" title=\"manual_11\" src=\"http:\/\/sindicato.biz\/neu\/wp-content\/uploads\/2008\/05\/manual_11-150x150.jpg\" alt=\"\" width=\"150\" height=\"150\" \/><\/a><a href=\"http:\/\/sindicato.biz\/neu\/wp-content\/uploads\/2008\/05\/manual_12.jpg\"><img loading=\"lazy\" class=\"alignnone size-thumbnail wp-image-405\" title=\"manual_12\" src=\"http:\/\/sindicato.biz\/neu\/wp-content\/uploads\/2008\/05\/manual_12-150x150.jpg\" alt=\"\" width=\"150\" height=\"150\" \/><\/a><a href=\"http:\/\/sindicato.biz\/neu\/wp-content\/uploads\/2008\/05\/manual_13.jpg\"><img loading=\"lazy\" class=\"alignnone size-thumbnail wp-image-406\" title=\"manual_13\" src=\"http:\/\/sindicato.biz\/neu\/wp-content\/uploads\/2008\/05\/manual_13-150x150.jpg\" alt=\"\" width=\"150\" height=\"150\" \/><\/a><a href=\"http:\/\/sindicato.biz\/neu\/wp-content\/uploads\/2008\/05\/manual_14.jpg\"><img loading=\"lazy\" class=\"alignnone size-thumbnail wp-image-407\" title=\"manual_14\" src=\"http:\/\/sindicato.biz\/neu\/wp-content\/uploads\/2008\/05\/manual_14-150x150.jpg\" alt=\"\" width=\"150\" height=\"150\" \/><\/a><\/p>\n<p><a title=\"manual_11.jpg\" href=\"http:\/\/sindicato.biz\/neu\/wp-content\/uploads\/2008\/02\/manual_11.jpg\"> <\/a><\/p>\n","protected":false},"excerpt":{"rendered":"<p>Rebranding da marca Concentra \u2013 2001 *Trabalho desenvolvido na Brandia. Direitos pertencentes a Brandia Central e Concentra. Assinaturas: Folhas de rosto e continua\u00e7\u00e3o Cart\u00f5es de visita e cumprimentos Envelopes Capa A4 Manual de normas gr\u00e1ficas (&gt;clique para ampliar):<\/p>\n","protected":false},"author":1,"featured_media":0,"parent":19,"menu_order":8,"comment_status":"closed","ping_status":"closed","template":"","meta":[],"_links":{"self":[{"href":"http:\/\/sindicato.biz\/neu\/wp-json\/wp\/v2\/pages\/328"}],"collection":[{"href":"http:\/\/sindicato.biz\/neu\/wp-json\/wp\/v2\/pages"}],"about":[{"href":"http:\/\/sindicato.biz\/neu\/wp-json\/wp\/v2\/types\/page"}],"author":[{"embeddable":true,"href":"http:\/\/sindicato.biz\/neu\/wp-json\/wp\/v2\/users\/1"}],"replies":[{"embeddable":true,"href":"http:\/\/sindicato.biz\/neu\/wp-json\/wp\/v2\/comments?post=328"}],"version-history":[{"count":6,"href":"http:\/\/sindicato.biz\/neu\/wp-json\/wp\/v2\/pages\/328\/revisions"}],"predecessor-version":[{"id":753,"href":"http:\/\/sindicato.biz\/neu\/wp-json\/wp\/v2\/pages\/328\/revisions\/753"}],"up":[{"embeddable":true,"href":"http:\/\/sindicato.biz\/neu\/wp-json\/wp\/v2\/pages\/19"}],"wp:attachment":[{"href":"http:\/\/sindicato.biz\/neu\/wp-json\/wp\/v2\/media?parent=328"}],"curies":[{"name":"wp","href":"https:\/\/api.w.org\/{rel}","templated":true}]}}