{"id":320,"date":"2008-02-07T21:39:27","date_gmt":"2008-02-07T21:39:27","guid":{"rendered":"http:\/\/sindicato.biz\/neu\/?page_id=320"},"modified":"2011-05-26T23:22:04","modified_gmt":"2011-05-26T23:22:04","slug":"yorn-store-identidade","status":"publish","type":"page","link":"http:\/\/sindicato.biz\/neu\/trabalhos-work\/yorn-store-identidade","title":{"rendered":"Yorn Store &#45; identidade"},"content":{"rendered":"<h4>Identidade e comunica\u00e7\u00e3o institucional da loja Yorn Store no Chiado \u2013 2003<\/h4>\n<p><em>*Trabalho desenvolvido na Brandia. Direitos pertencentes a Brandia Central e Vodafone.\u00a0<\/em><\/p>\n<p><strong>Assinatura<\/strong><\/p>\n<p><a href=\"http:\/\/sindicato.biz\/neu\/wp-content\/uploads\/2008\/02\/identidadeys_1.jpg\" title=\"identidadeys_1.jpg\"><img src=\"http:\/\/sindicato.biz\/neu\/wp-content\/uploads\/2008\/02\/identidadeys_1.jpg\" alt=\"identidadeys_1.jpg\" \/><\/a><\/p>\n<p><strong>Aplica\u00e7\u00e3o da assinatura em superf\u00edcies <\/strong><\/p>\n<p><a href=\"http:\/\/sindicato.biz\/neu\/wp-content\/uploads\/2008\/02\/identidadeys_2.jpg\" title=\"identidadeys_2.jpg\"><img src=\"http:\/\/sindicato.biz\/neu\/wp-content\/uploads\/2008\/02\/identidadeys_2.jpg\" alt=\"identidadeys_2.jpg\" \/><\/a><\/p>\n<p><strong>Sinal\u00e9tica<\/strong><\/p>\n<p><a href=\"http:\/\/sindicato.biz\/neu\/wp-content\/uploads\/2008\/02\/identidadeys_3.jpg\" title=\"identidadeys_3.jpg\"><img src=\"http:\/\/sindicato.biz\/neu\/wp-content\/uploads\/2008\/02\/identidadeys_3.jpg\" alt=\"identidadeys_3.jpg\" \/><\/a><\/p>\n<p><strong>Cart\u00e3o de cumprimentos e envelope DL<\/strong><\/p>\n<p><a href=\"http:\/\/sindicato.biz\/neu\/wp-content\/uploads\/2008\/02\/identidadeys_4.jpg\" title=\"identidadeys_4.jpg\"><img src=\"http:\/\/sindicato.biz\/neu\/wp-content\/uploads\/2008\/02\/identidadeys_4.jpg\" alt=\"identidadeys_4.jpg\" \/><\/a><\/p>\n<p><strong>Sacos<\/strong><\/p>\n<p><a href=\"http:\/\/sindicato.biz\/neu\/wp-content\/uploads\/2008\/02\/identidadeys_5.jpg\" title=\"identidadeys_5.jpg\"><img src=\"http:\/\/sindicato.biz\/neu\/wp-content\/uploads\/2008\/02\/identidadeys_5.jpg\" alt=\"identidadeys_5.jpg\" \/><\/a><\/p>\n<p><strong>T-shirt <\/strong><\/p>\n<p><a href=\"http:\/\/sindicato.biz\/neu\/wp-content\/uploads\/2008\/02\/identidadeys_6.jpg\" title=\"identidadeys_6.jpg\"><img src=\"http:\/\/sindicato.biz\/neu\/wp-content\/uploads\/2008\/02\/identidadeys_6.jpg\" alt=\"identidadeys_6.jpg\" \/><\/a><\/p>\n<p><strong>Flyer<\/strong><\/p>\n<p><a href=\"http:\/\/sindicato.biz\/neu\/wp-content\/uploads\/2008\/02\/identidadeys_7.jpg\" title=\"identidadeys_7.jpg\"><img src=\"http:\/\/sindicato.biz\/neu\/wp-content\/uploads\/2008\/02\/identidadeys_7.jpg\" alt=\"identidadeys_7.jpg\" \/><\/a><\/p>\n<p><strong>Imprensa<\/strong><\/p>\n<p><a href=\"http:\/\/sindicato.biz\/neu\/wp-content\/uploads\/2008\/02\/identidadeys_8.jpg\" title=\"identidadeys_8.jpg\"><img src=\"http:\/\/sindicato.biz\/neu\/wp-content\/uploads\/2008\/02\/identidadeys_8.jpg\" alt=\"identidadeys_8.jpg\" \/><\/a><\/p>\n<p><strong>Pain\u00e9is<\/strong> (<em>&gt;clique para ampliar<\/em>):<\/p>\n<p><a href=\"http:\/\/sindicato.biz\/neu\/wp-content\/uploads\/2008\/02\/identidadeys_9.jpg\" title=\"identidadeys_9.jpg\"><img src=\"http:\/\/sindicato.biz\/neu\/wp-content\/uploads\/2008\/02\/identidadeys_9.jpg\" alt=\"identidadeys_9.jpg\" width=\"530\" \/><\/a><\/p>\n<p><a href=\"http:\/\/sindicato.biz\/neu\/wp-content\/uploads\/2008\/02\/identidadeys_10.jpg\" title=\"identidadeys_10.jpg\"><img src=\"http:\/\/sindicato.biz\/neu\/wp-content\/uploads\/2008\/02\/identidadeys_10.jpg\" alt=\"identidadeys_10.jpg\" width=\"530\" \/><\/a><\/p>\n","protected":false},"excerpt":{"rendered":"<p>Identidade e comunica\u00e7\u00e3o institucional da loja Yorn Store no Chiado \u2013 2003 *Trabalho desenvolvido na Brandia. Direitos pertencentes a Brandia Central e Vodafone.\u00a0 Assinatura Aplica\u00e7\u00e3o da assinatura em superf\u00edcies Sinal\u00e9tica Cart\u00e3o de cumprimentos e envelope DL Sacos T-shirt Flyer Imprensa Pain\u00e9is (&gt;clique para ampliar):<\/p>\n","protected":false},"author":1,"featured_media":0,"parent":19,"menu_order":34,"comment_status":"closed","ping_status":"closed","template":"","meta":[],"_links":{"self":[{"href":"http:\/\/sindicato.biz\/neu\/wp-json\/wp\/v2\/pages\/320"}],"collection":[{"href":"http:\/\/sindicato.biz\/neu\/wp-json\/wp\/v2\/pages"}],"about":[{"href":"http:\/\/sindicato.biz\/neu\/wp-json\/wp\/v2\/types\/page"}],"author":[{"embeddable":true,"href":"http:\/\/sindicato.biz\/neu\/wp-json\/wp\/v2\/users\/1"}],"replies":[{"embeddable":true,"href":"http:\/\/sindicato.biz\/neu\/wp-json\/wp\/v2\/comments?post=320"}],"version-history":[{"count":2,"href":"http:\/\/sindicato.biz\/neu\/wp-json\/wp\/v2\/pages\/320\/revisions"}],"predecessor-version":[{"id":698,"href":"http:\/\/sindicato.biz\/neu\/wp-json\/wp\/v2\/pages\/320\/revisions\/698"}],"up":[{"embeddable":true,"href":"http:\/\/sindicato.biz\/neu\/wp-json\/wp\/v2\/pages\/19"}],"wp:attachment":[{"href":"http:\/\/sindicato.biz\/neu\/wp-json\/wp\/v2\/media?parent=320"}],"curies":[{"name":"wp","href":"https:\/\/api.w.org\/{rel}","templated":true}]}}