{"id":287,"date":"2008-02-07T17:54:12","date_gmt":"2008-02-07T17:54:12","guid":{"rendered":"http:\/\/sindicato.biz\/neu\/?page_id=287"},"modified":"2011-05-26T23:21:18","modified_gmt":"2011-05-26T23:21:18","slug":"yorn-snow-trip","status":"publish","type":"page","link":"http:\/\/sindicato.biz\/neu\/trabalhos-work\/yorn-snow-trip","title":{"rendered":"Yorn &#45; Yorn Snow Trip"},"content":{"rendered":"<h4>Promo\u00e7\u00e3o com viagem \u00e0 Serra Nevada \u2013 2004<\/h4>\n<p>Atrav\u00e9s de um jogo por SMS, foram seleccionados 21 clientes Yorn mais 21 acompanhantes para irem fazer <em>sowboard<\/em> \u00e0 Serra Nevada, numa viagem oferecida pela Vodafone. Em parceria com a SIC Radical, a viagem foi filmada, resultando da\u00ed, um programa televisivo Yorn.<\/p>\n<p><em>*Trabalho desenvolvido na Brandia. Direitos pertencentes a Brandia Central e Vodafone. <\/em><\/p>\n<p><strong>Flyers <\/strong><\/p>\n<p><a href=\"http:\/\/sindicato.biz\/neu\/wp-content\/uploads\/2008\/02\/snow_1.jpg\" title=\"snow_1.jpg\"><img src=\"http:\/\/sindicato.biz\/neu\/wp-content\/uploads\/2008\/02\/snow_1.jpg\" alt=\"snow_1.jpg\" \/><\/a><\/p>\n<p><strong>Cartaz<\/strong><\/p>\n<p><a href=\"http:\/\/sindicato.biz\/neu\/wp-content\/uploads\/2008\/02\/snow_2.jpg\" title=\"snow_2.jpg\"><img src=\"http:\/\/sindicato.biz\/neu\/wp-content\/uploads\/2008\/02\/snow_2.jpg\" alt=\"snow_2.jpg\" \/><\/a><\/p>\n<p><strong>Folha de carta<\/strong><\/p>\n<p><a href=\"http:\/\/sindicato.biz\/neu\/wp-content\/uploads\/2008\/02\/snow_3.jpg\" title=\"snow_3.jpg\"><img src=\"http:\/\/sindicato.biz\/neu\/wp-content\/uploads\/2008\/02\/snow_3.jpg\" alt=\"snow_3.jpg\" \/><\/a><\/p>\n<p><strong>Envelope<\/strong><\/p>\n<p><a href=\"http:\/\/sindicato.biz\/neu\/wp-content\/uploads\/2008\/02\/snow_4.jpg\" title=\"snow_4.jpg\"><img src=\"http:\/\/sindicato.biz\/neu\/wp-content\/uploads\/2008\/02\/snow_4.jpg\" alt=\"snow_4.jpg\" \/><\/a><\/p>\n<p><strong>T-shirts com manga<\/strong><\/p>\n<p><a href=\"http:\/\/sindicato.biz\/neu\/wp-content\/uploads\/2008\/02\/snow_5.jpg\" title=\"snow_5.jpg\"><img src=\"http:\/\/sindicato.biz\/neu\/wp-content\/uploads\/2008\/02\/snow_5.jpg\" alt=\"snow_5.jpg\" \/><\/a><\/p>\n<p><strong>Decora\u00e7\u00e3o do autocarro<\/strong> (ilustra\u00e7\u00f5es de <a href=\"http:\/\/sindicato.biz\/jucapinga\">Jucapinga<\/a>):<\/p>\n<p><em>&gt;clique para ampliar<\/em><\/p>\n<p><a href=\"http:\/\/sindicato.biz\/neu\/wp-content\/uploads\/2008\/02\/snow_6.jpg\" title=\"snow_6.jpg\"><img src=\"http:\/\/sindicato.biz\/neu\/wp-content\/uploads\/2008\/02\/snow_6.jpg\" alt=\"snow_6.jpg\" width=\"530\" \/><\/a><\/p>\n<p><a href=\"http:\/\/sindicato.biz\/neu\/wp-content\/uploads\/2008\/02\/snow_7.jpg\" title=\"snow_7.jpg\"><img src=\"http:\/\/sindicato.biz\/neu\/wp-content\/uploads\/2008\/02\/snow_7.jpg\" alt=\"snow_7.jpg\" \/><\/a><\/p>\n","protected":false},"excerpt":{"rendered":"<p>Promo\u00e7\u00e3o com viagem \u00e0 Serra Nevada \u2013 2004 Atrav\u00e9s de um jogo por SMS, foram seleccionados 21 clientes Yorn mais 21 acompanhantes para irem fazer sowboard \u00e0 Serra Nevada, numa viagem oferecida pela Vodafone. Em parceria com a SIC Radical, a viagem foi filmada, resultando da\u00ed, um programa televisivo Yorn. *Trabalho desenvolvido na Brandia. Direitos &hellip; <a href=\"http:\/\/sindicato.biz\/neu\/trabalhos-work\/yorn-snow-trip\" class=\"more-link\">Continue reading<span class=\"screen-reader-text\"> &#8220;Yorn &#45; Yorn Snow Trip&#8221;<\/span><\/a><\/p>\n","protected":false},"author":1,"featured_media":0,"parent":19,"menu_order":29,"comment_status":"closed","ping_status":"closed","template":"","meta":[],"_links":{"self":[{"href":"http:\/\/sindicato.biz\/neu\/wp-json\/wp\/v2\/pages\/287"}],"collection":[{"href":"http:\/\/sindicato.biz\/neu\/wp-json\/wp\/v2\/pages"}],"about":[{"href":"http:\/\/sindicato.biz\/neu\/wp-json\/wp\/v2\/types\/page"}],"author":[{"embeddable":true,"href":"http:\/\/sindicato.biz\/neu\/wp-json\/wp\/v2\/users\/1"}],"replies":[{"embeddable":true,"href":"http:\/\/sindicato.biz\/neu\/wp-json\/wp\/v2\/comments?post=287"}],"version-history":[{"count":2,"href":"http:\/\/sindicato.biz\/neu\/wp-json\/wp\/v2\/pages\/287\/revisions"}],"predecessor-version":[{"id":693,"href":"http:\/\/sindicato.biz\/neu\/wp-json\/wp\/v2\/pages\/287\/revisions\/693"}],"up":[{"embeddable":true,"href":"http:\/\/sindicato.biz\/neu\/wp-json\/wp\/v2\/pages\/19"}],"wp:attachment":[{"href":"http:\/\/sindicato.biz\/neu\/wp-json\/wp\/v2\/media?parent=287"}],"curies":[{"name":"wp","href":"https:\/\/api.w.org\/{rel}","templated":true}]}}