{"id":268,"date":"2008-02-03T19:40:55","date_gmt":"2008-02-03T19:40:55","guid":{"rendered":"http:\/\/sindicato.biz\/neu\/?page_id=268"},"modified":"2011-05-26T23:17:08","modified_gmt":"2011-05-26T23:17:08","slug":"wearplay-promocao-outinv-05-06","status":"publish","type":"page","link":"http:\/\/sindicato.biz\/neu\/trabalhos-work\/wearplay-promocao-outinv-05-06","title":{"rendered":"Wearplay &#45; promo\u00e7\u00e3o Out.\/Inv. 05\/06"},"content":{"rendered":"<h4>Cartazes, mupis e imprensa da colec\u00e7\u00e3o Outono\/Inverno 05\/06 \u2013 2005<\/h4>\n<p>Os The Players s\u00e3o uma banda imagin\u00e1ria formada, ao contr\u00e1rio do habitual, n\u00e3o por modelos, mas por m\u00fasicos. O objectivo \u00e9 dar maior realismo \u00e0s personagens que t\u00eam um nome e um curr\u00edculo inventados. Os suportes promocioais foram desenvolvidos a partir do cat\u00e1logo conceptual da esta\u00e7\u00e3o.<\/p>\n<p><em>*Trabalho desenvolvido na Brandia. Direitos pertencentes a Brandia Central e Wearplay.<\/em><\/p>\n<p><strong>Cartazes 70\u00d7100<\/strong><\/p>\n<p><a href=\"http:\/\/sindicato.biz\/neu\/wp-content\/uploads\/2008\/02\/70x100.jpg\" title=\"70x100.jpg\"><img src=\"http:\/\/sindicato.biz\/neu\/wp-content\/uploads\/2008\/02\/70x100.jpg\" alt=\"70x100.jpg\" \/><\/a><\/p>\n<p><strong>Cartazes 90\u00d757<\/strong><\/p>\n<p><a href=\"http:\/\/sindicato.biz\/neu\/wp-content\/uploads\/2008\/02\/90x57.jpg\" title=\"90x57.jpg\"><img src=\"http:\/\/sindicato.biz\/neu\/wp-content\/uploads\/2008\/02\/90x57.jpg\" alt=\"90x57.jpg\" \/><\/a><\/p>\n<p><strong>Mupis<\/strong><\/p>\n<p><a href=\"http:\/\/sindicato.biz\/neu\/wp-content\/uploads\/2008\/02\/mupis.jpg\" title=\"mupis.jpg\"><img src=\"http:\/\/sindicato.biz\/neu\/wp-content\/uploads\/2008\/02\/mupis.jpg\" alt=\"mupis.jpg\" \/><\/a><\/p>\n<p><strong>Imprensa<\/strong><\/p>\n<p><a href=\"http:\/\/sindicato.biz\/neu\/wp-content\/uploads\/2008\/02\/imprensa.jpg\" title=\"imprensa.jpg\"><img src=\"http:\/\/sindicato.biz\/neu\/wp-content\/uploads\/2008\/02\/imprensa.jpg\" alt=\"imprensa.jpg\" \/><\/a><\/p>\n","protected":false},"excerpt":{"rendered":"<p>Cartazes, mupis e imprensa da colec\u00e7\u00e3o Outono\/Inverno 05\/06 \u2013 2005 Os The Players s\u00e3o uma banda imagin\u00e1ria formada, ao contr\u00e1rio do habitual, n\u00e3o por modelos, mas por m\u00fasicos. O objectivo \u00e9 dar maior realismo \u00e0s personagens que t\u00eam um nome e um curr\u00edculo inventados. Os suportes promocioais foram desenvolvidos a partir do cat\u00e1logo conceptual da &hellip; <a href=\"http:\/\/sindicato.biz\/neu\/trabalhos-work\/wearplay-promocao-outinv-05-06\" class=\"more-link\">Continue reading<span class=\"screen-reader-text\"> &#8220;Wearplay &#45; promo\u00e7\u00e3o Out.\/Inv. 05\/06&#8221;<\/span><\/a><\/p>\n","protected":false},"author":1,"featured_media":0,"parent":19,"menu_order":25,"comment_status":"closed","ping_status":"closed","template":"","meta":[],"_links":{"self":[{"href":"http:\/\/sindicato.biz\/neu\/wp-json\/wp\/v2\/pages\/268"}],"collection":[{"href":"http:\/\/sindicato.biz\/neu\/wp-json\/wp\/v2\/pages"}],"about":[{"href":"http:\/\/sindicato.biz\/neu\/wp-json\/wp\/v2\/types\/page"}],"author":[{"embeddable":true,"href":"http:\/\/sindicato.biz\/neu\/wp-json\/wp\/v2\/users\/1"}],"replies":[{"embeddable":true,"href":"http:\/\/sindicato.biz\/neu\/wp-json\/wp\/v2\/comments?post=268"}],"version-history":[{"count":2,"href":"http:\/\/sindicato.biz\/neu\/wp-json\/wp\/v2\/pages\/268\/revisions"}],"predecessor-version":[{"id":684,"href":"http:\/\/sindicato.biz\/neu\/wp-json\/wp\/v2\/pages\/268\/revisions\/684"}],"up":[{"embeddable":true,"href":"http:\/\/sindicato.biz\/neu\/wp-json\/wp\/v2\/pages\/19"}],"wp:attachment":[{"href":"http:\/\/sindicato.biz\/neu\/wp-json\/wp\/v2\/media?parent=268"}],"curies":[{"name":"wp","href":"https:\/\/api.w.org\/{rel}","templated":true}]}}