{"id":19,"date":"2008-01-19T18:19:53","date_gmt":"2008-01-19T18:19:53","guid":{"rendered":"http:\/\/sindicato.biz\/neu\/?page_id=19"},"modified":"2010-05-01T15:28:46","modified_gmt":"2010-05-01T15:28:46","slug":"trabalhos-work","status":"publish","type":"page","link":"http:\/\/sindicato.biz\/neu\/trabalhos-work","title":{"rendered":"TRABALHOS \/ WORK:"},"content":{"rendered":"<p><strong>Sindicato<\/strong> <em>s.m.<\/em> (1881) companhia ou associa\u00e7\u00e3o de  capitalistas interessados na mesma empresa e que colocam os seus t\u00edtulos  em comum a fim de que, na venda destes, n\u00e3o se verifique altera\u00e7\u00e3o de  pre\u00e7os; JUR\u00cdDICO associa\u00e7\u00e3o, para fins de estudo, defesa e coordena\u00e7\u00e3o  dos seus interesses econ\u00f3micos e\/ou profissionais, de todos os que (na  qualidade de empregados, empregadores, agentes ou trabalhadores  aut\u00f3nomos ou profissionais liberais) exer\u00e7am a mesma actividade ou  actividades similares ou relacionadas<\/p>\n<p>Dicion\u00e1rio Houaiss da L\u00edngua Portuguesa<\/p>\n<p><img src=\"http:\/\/sindicato.biz\/wp-content\/uploads\/2008\/01\/cartaz_6.jpg\" alt=\"cartaz_6.jpg\" width=\"540\" \/><\/p>\n<p><img src=\"http:\/\/sindicato.biz\/neu\/wp-content\/uploads\/2008\/03\/cartazsindicato_2.jpg\" alt=\"cartazsindicato_2.jpg\" width=\"540\" \/><\/p>\n","protected":false},"excerpt":{"rendered":"<p>Sindicato s.m. (1881) companhia ou associa\u00e7\u00e3o de capitalistas interessados na mesma empresa e que colocam os seus t\u00edtulos em comum a fim de que, na venda destes, n\u00e3o se verifique altera\u00e7\u00e3o de pre\u00e7os; JUR\u00cdDICO associa\u00e7\u00e3o, para fins de estudo, defesa e coordena\u00e7\u00e3o dos seus interesses econ\u00f3micos e\/ou profissionais, de todos os que (na qualidade de &hellip; <a href=\"http:\/\/sindicato.biz\/neu\/trabalhos-work\" class=\"more-link\">Continue reading<span class=\"screen-reader-text\"> &#8220;TRABALHOS \/ WORK:&#8221;<\/span><\/a><\/p>\n","protected":false},"author":1,"featured_media":0,"parent":0,"menu_order":4,"comment_status":"closed","ping_status":"closed","template":"","meta":[],"_links":{"self":[{"href":"http:\/\/sindicato.biz\/neu\/wp-json\/wp\/v2\/pages\/19"}],"collection":[{"href":"http:\/\/sindicato.biz\/neu\/wp-json\/wp\/v2\/pages"}],"about":[{"href":"http:\/\/sindicato.biz\/neu\/wp-json\/wp\/v2\/types\/page"}],"author":[{"embeddable":true,"href":"http:\/\/sindicato.biz\/neu\/wp-json\/wp\/v2\/users\/1"}],"replies":[{"embeddable":true,"href":"http:\/\/sindicato.biz\/neu\/wp-json\/wp\/v2\/comments?post=19"}],"version-history":[{"count":6,"href":"http:\/\/sindicato.biz\/neu\/wp-json\/wp\/v2\/pages\/19\/revisions"}],"predecessor-version":[{"id":585,"href":"http:\/\/sindicato.biz\/neu\/wp-json\/wp\/v2\/pages\/19\/revisions\/585"}],"wp:attachment":[{"href":"http:\/\/sindicato.biz\/neu\/wp-json\/wp\/v2\/media?parent=19"}],"curies":[{"name":"wp","href":"https:\/\/api.w.org\/{rel}","templated":true}]}}