{"id":189,"date":"2008-01-30T01:40:16","date_gmt":"2008-01-30T01:40:16","guid":{"rendered":"http:\/\/sindicato.biz\/neu\/?page_id=189"},"modified":"2011-05-26T23:14:10","modified_gmt":"2011-05-26T23:14:10","slug":"le-cool-ilustracao","status":"publish","type":"page","link":"http:\/\/sindicato.biz\/neu\/trabalhos-work\/le-cool-ilustracao","title":{"rendered":"Le Cool &#45; ilustra\u00e7\u00f5es para o site"},"content":{"rendered":"<h4>Ilustra\u00e7\u00f5es para 2 capas e p\u00e1gina da entrevista \u2013 2005<\/h4>\n<p><em>&gt;clique para ampliar <\/em><\/p>\n<p><a href=\"http:\/\/sindicato.biz\/neu\/wp-content\/uploads\/2008\/01\/lecool_1.jpg\" title=\"lecool_1.jpg\"><img src=\"http:\/\/sindicato.biz\/neu\/wp-content\/uploads\/2008\/01\/lecool_1.jpg\" alt=\"lecool_1.jpg\" width=\"530\" \/><\/a><\/p>\n<p><a href=\"http:\/\/sindicato.biz\/neu\/wp-content\/uploads\/2008\/01\/lecool_2.jpg\" title=\"lecool_2.jpg\"><img src=\"http:\/\/sindicato.biz\/neu\/wp-content\/uploads\/2008\/01\/lecool_2.jpg\" alt=\"lecool_2.jpg\" width=\"530\" \/><\/a><\/p>\n<p><a href=\"http:\/\/sindicato.biz\/neu\/wp-content\/uploads\/2008\/01\/lecool_3.jpg\" title=\"lecool_3.jpg\"><img src=\"http:\/\/sindicato.biz\/neu\/wp-content\/uploads\/2008\/01\/lecool_3.jpg\" alt=\"lecool_3.jpg\" width=\"530\" \/><\/a><\/p>\n","protected":false},"excerpt":{"rendered":"<p>Ilustra\u00e7\u00f5es para 2 capas e p\u00e1gina da entrevista \u2013 2005 &gt;clique para ampliar<\/p>\n","protected":false},"author":1,"featured_media":0,"parent":19,"menu_order":11,"comment_status":"closed","ping_status":"closed","template":"","meta":[],"_links":{"self":[{"href":"http:\/\/sindicato.biz\/neu\/wp-json\/wp\/v2\/pages\/189"}],"collection":[{"href":"http:\/\/sindicato.biz\/neu\/wp-json\/wp\/v2\/pages"}],"about":[{"href":"http:\/\/sindicato.biz\/neu\/wp-json\/wp\/v2\/types\/page"}],"author":[{"embeddable":true,"href":"http:\/\/sindicato.biz\/neu\/wp-json\/wp\/v2\/users\/1"}],"replies":[{"embeddable":true,"href":"http:\/\/sindicato.biz\/neu\/wp-json\/wp\/v2\/comments?post=189"}],"version-history":[{"count":4,"href":"http:\/\/sindicato.biz\/neu\/wp-json\/wp\/v2\/pages\/189\/revisions"}],"predecessor-version":[{"id":667,"href":"http:\/\/sindicato.biz\/neu\/wp-json\/wp\/v2\/pages\/189\/revisions\/667"}],"up":[{"embeddable":true,"href":"http:\/\/sindicato.biz\/neu\/wp-json\/wp\/v2\/pages\/19"}],"wp:attachment":[{"href":"http:\/\/sindicato.biz\/neu\/wp-json\/wp\/v2\/media?parent=189"}],"curies":[{"name":"wp","href":"https:\/\/api.w.org\/{rel}","templated":true}]}}