{"id":143,"date":"2008-01-29T16:44:26","date_gmt":"2008-01-29T16:44:26","guid":{"rendered":"http:\/\/sindicato.biz\/neu\/?page_id=143"},"modified":"2011-05-26T23:21:28","modified_gmt":"2011-05-26T23:21:28","slug":"yorn-store-be-happy-change-yourself","status":"publish","type":"page","link":"http:\/\/sindicato.biz\/neu\/trabalhos-work\/yorn-store-be-happy-change-yourself","title":{"rendered":"Yorn Store &#45; Be Happy. Change Yourself."},"content":{"rendered":"<h4>Promo\u00e7\u00e3o da loja Yorn Store no Chiado \u2013 2004<\/h4>\n<p><em><strong>\u2022 Pr\u00e9mio bronze no concurso do Clube de Criativos de Portugal 2005. <\/strong><\/em><\/p>\n<p>Com o objectivo de refor\u00e7ar a notoriedade da loja Yorn Store e dar a conhecer a nova colec\u00e7\u00e3o Primavera\/Ver\u00e3o 04, criou-se um evento que convocava as pessoas a comparecer no Chiado, completamente fora de moda. A quem o conseguisse, depois de passar por uma pr\u00e9-selec\u00e7\u00e3o no exterior e por um j\u00fari no inerior, era oferecido um novo <em>look<\/em> total &#8211; roupa, cal\u00e7ado, cabelo e maquilhagem. Atrav\u00e9s de uma parceria com a Sic Radical, o evento foi filmado, resultando da\u00ed, um programa televisivo \u201cBe Happy. Change Yourself.\u201d<\/p>\n<p><em>*Trabalho desenvolvido na Brandia. Direitos pertencentes a Brandia Central e Vodafone.<\/em><\/p>\n<p><strong>Flyer<\/strong><\/p>\n<p><a href=\"http:\/\/sindicato.biz\/neu\/wp-content\/uploads\/2008\/01\/change_1.jpg\" title=\"change_1.jpg\"><img src=\"http:\/\/sindicato.biz\/neu\/wp-content\/uploads\/2008\/01\/change_1.jpg\" alt=\"change_1.jpg\" \/><\/a><\/p>\n<p><strong>Convite<\/strong><\/p>\n<p><a href=\"http:\/\/sindicato.biz\/neu\/wp-content\/uploads\/2008\/01\/change_2.jpg\" title=\"change_2.jpg\"><img src=\"http:\/\/sindicato.biz\/neu\/wp-content\/uploads\/2008\/01\/change_2.jpg\" alt=\"change_2.jpg\" \/><\/a><\/p>\n<p><strong>Cartazes de rua e mupi da loja<\/strong><\/p>\n<p><a href=\"http:\/\/sindicato.biz\/neu\/wp-content\/uploads\/2008\/01\/change_3.jpg\" title=\"change_3.jpg\"><img src=\"http:\/\/sindicato.biz\/neu\/wp-content\/uploads\/2008\/01\/change_3.jpg\" alt=\"change_3.jpg\" \/><\/a><\/p>\n<p><strong>Brigadeiros:<\/strong><\/p>\n<p><a href=\"http:\/\/sindicato.biz\/neu\/wp-content\/uploads\/2008\/01\/brigadeiros_1.jpg\" title=\"brigadeiros_1.jpg\"><img src=\"http:\/\/sindicato.biz\/neu\/wp-content\/uploads\/2008\/01\/brigadeiros_1.jpg\" alt=\"brigadeiros_1.jpg\" \/><\/a><\/p>\n<p><a href=\"http:\/\/sindicato.biz\/neu\/wp-content\/uploads\/2008\/01\/brigadeiros_2.jpg\" title=\"brigadeiros_2.jpg\"><img src=\"http:\/\/sindicato.biz\/neu\/wp-content\/uploads\/2008\/01\/brigadeiros_2.jpg\" alt=\"brigadeiros_2.jpg\" \/><\/a><\/p>\n<p><a href=\"http:\/\/sindicato.biz\/neu\/wp-content\/uploads\/2008\/01\/brigadeiros_3.jpg\" title=\"brigadeiros_3.jpg\"><img src=\"http:\/\/sindicato.biz\/neu\/wp-content\/uploads\/2008\/01\/brigadeiros_3.jpg\" alt=\"brigadeiros_3.jpg\" \/><\/a><\/p>\n<p><strong>Painel informativo<\/strong><\/p>\n<p><a href=\"http:\/\/sindicato.biz\/neu\/wp-content\/uploads\/2008\/01\/change_4.jpg\" title=\"change_4.jpg\"><img src=\"http:\/\/sindicato.biz\/neu\/wp-content\/uploads\/2008\/01\/change_4.jpg\" alt=\"change_4.jpg\" \/><\/a><\/p>\n<p><strong>Paineis cenogr\u00e1ficos<\/strong><\/p>\n<p><a href=\"http:\/\/sindicato.biz\/neu\/wp-content\/uploads\/2008\/01\/change_5.jpg\" title=\"change_5.jpg\"><img src=\"http:\/\/sindicato.biz\/neu\/wp-content\/uploads\/2008\/01\/change_5.jpg\" alt=\"change_5.jpg\" \/><\/a><\/p>\n<p><strong>Standups<\/strong><\/p>\n<p><a href=\"http:\/\/sindicato.biz\/neu\/wp-content\/uploads\/2008\/01\/change_6.jpg\" title=\"change_6.jpg\"><img src=\"http:\/\/sindicato.biz\/neu\/wp-content\/uploads\/2008\/01\/change_6.jpg\" alt=\"change_6.jpg\" \/><\/a><\/p>\n<p><strong>Est\u00fadio para TV:<\/strong><\/p>\n<p><a href=\"http:\/\/sindicato.biz\/neu\/wp-content\/uploads\/2008\/01\/estudio_1.jpg\" title=\"estudio_1.jpg\"><img src=\"http:\/\/sindicato.biz\/neu\/wp-content\/uploads\/2008\/01\/estudio_1.jpg\" alt=\"estudio_1.jpg\" \/><\/a><\/p>\n<p><a href=\"http:\/\/sindicato.biz\/neu\/wp-content\/uploads\/2008\/01\/estudio_2.jpg\" title=\"estudio_2.jpg\"><img src=\"http:\/\/sindicato.biz\/neu\/wp-content\/uploads\/2008\/01\/estudio_2.jpg\" alt=\"estudio_2.jpg\" \/><\/a><\/p>\n<p><a href=\"http:\/\/sindicato.biz\/neu\/wp-content\/uploads\/2008\/01\/estudio_3.jpg\" title=\"estudio_3.jpg\"><img src=\"http:\/\/sindicato.biz\/neu\/wp-content\/uploads\/2008\/01\/estudio_3.jpg\" alt=\"estudio_3.jpg\" \/><\/a><\/p>\n<p><strong>T-shirts<\/strong><\/p>\n<p><a href=\"http:\/\/sindicato.biz\/neu\/wp-content\/uploads\/2008\/01\/change_7.jpg\" title=\"change_7.jpg\"><img src=\"http:\/\/sindicato.biz\/neu\/wp-content\/uploads\/2008\/01\/change_7.jpg\" alt=\"change_7.jpg\" \/><\/a><\/p>\n<p><strong>Crach\u00e1s e folha A4<\/strong><\/p>\n<p><a href=\"http:\/\/sindicato.biz\/neu\/wp-content\/uploads\/2008\/01\/change_8.jpg\" title=\"change_8.jpg\"><img src=\"http:\/\/sindicato.biz\/neu\/wp-content\/uploads\/2008\/01\/change_8.jpg\" alt=\"change_8.jpg\" \/><\/a><\/p>\n<p><strong>Evento:<\/strong><\/p>\n<p><a href=\"http:\/\/sindicato.biz\/neu\/wp-content\/uploads\/2008\/01\/evento_1.jpg\" title=\"evento_1.jpg\"><img src=\"http:\/\/sindicato.biz\/neu\/wp-content\/uploads\/2008\/01\/evento_1.jpg\" alt=\"evento_1.jpg\" \/><\/a><\/p>\n<p><a href=\"http:\/\/sindicato.biz\/neu\/wp-content\/uploads\/2008\/01\/evento_2.jpg\" title=\"evento_2.jpg\"><img src=\"http:\/\/sindicato.biz\/neu\/wp-content\/uploads\/2008\/01\/evento_2.jpg\" alt=\"evento_2.jpg\" \/><\/a><\/p>\n<p><a href=\"http:\/\/sindicato.biz\/neu\/wp-content\/uploads\/2008\/01\/evento_3.jpg\" title=\"evento_3.jpg\"><img src=\"http:\/\/sindicato.biz\/neu\/wp-content\/uploads\/2008\/01\/evento_3.jpg\" alt=\"evento_3.jpg\" \/><\/a><\/p>\n<p><a href=\"http:\/\/sindicato.biz\/neu\/wp-content\/uploads\/2008\/01\/evento_4.jpg\" title=\"evento_4.jpg\"><img src=\"http:\/\/sindicato.biz\/neu\/wp-content\/uploads\/2008\/01\/evento_4.jpg\" alt=\"evento_4.jpg\" \/><\/a><\/p>\n<p><a href=\"http:\/\/sindicato.biz\/neu\/wp-content\/uploads\/2008\/01\/evento_5.jpg\" title=\"evento_5.jpg\"><img src=\"http:\/\/sindicato.biz\/neu\/wp-content\/uploads\/2008\/01\/evento_5.jpg\" alt=\"evento_5.jpg\" \/><\/a><\/p>\n<p><a href=\"http:\/\/sindicato.biz\/neu\/wp-content\/uploads\/2008\/01\/evento_6.jpg\" title=\"evento_6.jpg\"><img src=\"http:\/\/sindicato.biz\/neu\/wp-content\/uploads\/2008\/01\/evento_6.jpg\" alt=\"evento_6.jpg\" \/><\/a><\/p>\n<p><a href=\"http:\/\/sindicato.biz\/neu\/wp-content\/uploads\/2008\/01\/evento_7.jpg\" title=\"evento_7.jpg\"><img src=\"http:\/\/sindicato.biz\/neu\/wp-content\/uploads\/2008\/01\/evento_7.jpg\" alt=\"evento_7.jpg\" \/><\/a><\/p>\n<p><a href=\"http:\/\/sindicato.biz\/neu\/wp-content\/uploads\/2008\/01\/evento_8.jpg\" title=\"evento_8.jpg\"><img src=\"http:\/\/sindicato.biz\/neu\/wp-content\/uploads\/2008\/01\/evento_8.jpg\" alt=\"evento_8.jpg\" \/><\/a><\/p>\n<p><a href=\"http:\/\/sindicato.biz\/neu\/wp-content\/uploads\/2008\/01\/evento_9.jpg\" title=\"evento_9.jpg\"><img src=\"http:\/\/sindicato.biz\/neu\/wp-content\/uploads\/2008\/01\/evento_9.jpg\" alt=\"evento_9.jpg\" \/><\/a><\/p>\n","protected":false},"excerpt":{"rendered":"<p>Promo\u00e7\u00e3o da loja Yorn Store no Chiado \u2013 2004 \u2022 Pr\u00e9mio bronze no concurso do Clube de Criativos de Portugal 2005. Com o objectivo de refor\u00e7ar a notoriedade da loja Yorn Store e dar a conhecer a nova colec\u00e7\u00e3o Primavera\/Ver\u00e3o 04, criou-se um evento que convocava as pessoas a comparecer no Chiado, completamente fora de &hellip; <a href=\"http:\/\/sindicato.biz\/neu\/trabalhos-work\/yorn-store-be-happy-change-yourself\" class=\"more-link\">Continue reading<span class=\"screen-reader-text\"> &#8220;Yorn Store &#45; Be Happy. Change Yourself.&#8221;<\/span><\/a><\/p>\n","protected":false},"author":1,"featured_media":0,"parent":19,"menu_order":30,"comment_status":"closed","ping_status":"closed","template":"","meta":[],"_links":{"self":[{"href":"http:\/\/sindicato.biz\/neu\/wp-json\/wp\/v2\/pages\/143"}],"collection":[{"href":"http:\/\/sindicato.biz\/neu\/wp-json\/wp\/v2\/pages"}],"about":[{"href":"http:\/\/sindicato.biz\/neu\/wp-json\/wp\/v2\/types\/page"}],"author":[{"embeddable":true,"href":"http:\/\/sindicato.biz\/neu\/wp-json\/wp\/v2\/users\/1"}],"replies":[{"embeddable":true,"href":"http:\/\/sindicato.biz\/neu\/wp-json\/wp\/v2\/comments?post=143"}],"version-history":[{"count":2,"href":"http:\/\/sindicato.biz\/neu\/wp-json\/wp\/v2\/pages\/143\/revisions"}],"predecessor-version":[{"id":694,"href":"http:\/\/sindicato.biz\/neu\/wp-json\/wp\/v2\/pages\/143\/revisions\/694"}],"up":[{"embeddable":true,"href":"http:\/\/sindicato.biz\/neu\/wp-json\/wp\/v2\/pages\/19"}],"wp:attachment":[{"href":"http:\/\/sindicato.biz\/neu\/wp-json\/wp\/v2\/media?parent=143"}],"curies":[{"name":"wp","href":"https:\/\/api.w.org\/{rel}","templated":true}]}}